{"id":132,"date":"2026-04-09T05:37:24","date_gmt":"2026-04-09T05:37:24","guid":{"rendered":"http:\/\/metaforyszczescia.pl\/?page_id=132"},"modified":"2026-04-09T05:37:24","modified_gmt":"2026-04-09T05:37:24","slug":"kontakt","status":"publish","type":"page","link":"http:\/\/metaforyszczescia.pl\/index.php\/kontakt\/","title":{"rendered":"Kontakt"},"content":{"rendered":"\n<p><strong>Mo\u017cesz si\u0119 ze mn\u0105 skontaktowa\u0107 na kilka sposob\u00f3w:)<\/strong><\/p>\n\n\n\n<p>tel. 601 261 622<\/p>\n\n\n\n<p>Email: kreujlifepl@gmail.com<\/p>\n\n\n\n<p>Wype\u0142nij formularz kontaktowy<\/p>\n\n\n\n<p><\/p>\n","protected":false},"excerpt":{"rendered":"<p>Mo\u017cesz si\u0119 ze mn\u0105 skontaktowa\u0107 na kilka sposob\u00f3w:) tel. 601 261 622 Email: kreujlifepl@gmail.com Wype\u0142nij formularz kontaktowy<\/p>\n","protected":false},"author":1,"featured_media":0,"parent":0,"menu_order":0,"comment_status":"closed","ping_status":"closed","template":"","meta":{"footnotes":""},"class_list":["post-132","page","type-page","status-publish","hentry"],"_links":{"self":[{"href":"http:\/\/metaforyszczescia.pl\/index.php\/wp-json\/wp\/v2\/pages\/132","targetHints":{"allow":["GET"]}}],"collection":[{"href":"http:\/\/metaforyszczescia.pl\/index.php\/wp-json\/wp\/v2\/pages"}],"about":[{"href":"http:\/\/metaforyszczescia.pl\/index.php\/wp-json\/wp\/v2\/types\/page"}],"author":[{"embeddable":true,"href":"http:\/\/metaforyszczescia.pl\/index.php\/wp-json\/wp\/v2\/users\/1"}],"replies":[{"embeddable":true,"href":"http:\/\/metaforyszczescia.pl\/index.php\/wp-json\/wp\/v2\/comments?post=132"}],"version-history":[{"count":1,"href":"http:\/\/metaforyszczescia.pl\/index.php\/wp-json\/wp\/v2\/pages\/132\/revisions"}],"predecessor-version":[{"id":133,"href":"http:\/\/metaforyszczescia.pl\/index.php\/wp-json\/wp\/v2\/pages\/132\/revisions\/133"}],"wp:attachment":[{"href":"http:\/\/metaforyszczescia.pl\/index.php\/wp-json\/wp\/v2\/media?parent=132"}],"curies":[{"name":"wp","href":"https:\/\/api.w.org\/{rel}","templated":true}]}}