{"id":94,"date":"2026-04-08T18:02:15","date_gmt":"2026-04-08T18:02:15","guid":{"rendered":"http:\/\/metaforyszczescia.pl\/?page_id=94"},"modified":"2026-04-08T18:02:16","modified_gmt":"2026-04-08T18:02:16","slug":"koncerty-mis-tybetanskich-i-gongow","status":"publish","type":"page","link":"http:\/\/metaforyszczescia.pl\/index.php\/koncerty-mis-tybetanskich-i-gongow\/","title":{"rendered":"Koncerty Mis Tybeta\u0144skich i Gong\u00f3w"},"content":{"rendered":"\n<p>Najbli\u017csze koncerty:<\/p>\n\n\n\n<h1 class=\"wp-block-heading\">Wydarzenia<\/h1>\n\n\n\n<p><strong>11.04. g. 18:00 Krzyszkowice<\/strong><\/p>\n\n\n\n<h2 class=\"wp-block-heading\">Warsztat sk\u0142ada si\u0119 z dw\u00f3ch cz\u0119\u015bci. Pierwsz\u0105 poprowadzi Ewa Kapera, kt\u00f3ra wprowadzi Ci\u0119 w stan relaksu i wyciszenia.<\/h2>\n\n\n\n<figure class=\"wp-block-image\"><img decoding=\"async\" src=\"http:\/\/kamilovewibracje.pl\/wp-content\/uploads\/2026\/03\/Kopia-%E2%80%93-plakat-724x1024.png\" alt=\"\" class=\"wp-image-93\"\/><\/figure>\n\n\n\n<p>Nauczy Ci\u0119, jak w prosty spos\u00f3b wyciszy\u0107 uk\u0142ad nerwowy za pomoc\u0105 technik oddechowych i wyciszania nerwu b\u0142\u0119dnego, kt\u00f3ry jest mi\u0119dzy innymi odpowiedzialny za stan spokoju, prawid\u0142owego trawienia, oddychania i funkcjonowania narz\u0105d\u00f3w wewn\u0119trznych.<\/p>\n\n\n\n<p>Nast\u0119pnie w lekko\u015bci przejdziemy do cz\u0119\u015bci koncertu.<\/p>\n\n\n\n<p><strong>Zagraj\u0105 misy tybeta\u0144skie i gongi Nepalskie, a tak\u017ce koj\u0105ce d\u017awi\u0119ki dzwonkow Koshi, kija deszczowego, b\u0119bna oceanicznego, a tak\u017ce nasza per\u0142a \u2013 Harmonia Solfeggio.<\/strong><\/p>\n\n\n\n<p><strong>B\u0119dzie to mi\u0119kka podro\u017c do siebie, swego cia\u0142a i ukojenia uk\u0142adu nerwowego. Pozw\u00f3l swojemu umys\u0142owi odpocz\u0105\u0107 i uwolni napi\u0119cia z cia\u0142a.<\/strong><\/p>\n\n\n\n<p><strong>11.04.2026 Zapraszamy do&nbsp;<a href=\"https:\/\/www.facebook.com\/p\/Level-Up-Studio-Fitness-Krzyszkowice-61582839575069\/\">Level up Studio Fitness Krzyszkowice&nbsp;<\/a>na godzin\u0119 18:00.<\/strong><\/p>\n\n\n\n<p><strong>Zapisy bezpo\u015brednio przez Studio<\/strong><\/p>\n\n\n\n<p><strong>Tel. 500 560 640 lub email:&nbsp;<a href=\"mailto:kontakt@studiolevelup.pl\" target=\"_blank\" rel=\"noreferrer noopener\">kontakt@studiolevelup.pl<\/a><\/strong><\/p>\n\n\n\n<hr class=\"wp-block-separator has-alpha-channel-opacity\"\/>\n\n\n\n<h2 class=\"wp-block-heading\"><strong>11.04. g. 18:00&nbsp;<\/strong>Mszana Dolna<\/h2>\n\n\n\n<h2 class=\"wp-block-heading\">Zatrzymaj si\u0119 na chwil\u0119.<img loading=\"lazy\" decoding=\"async\" height=\"16\" width=\"16\" src=\"https:\/\/static.xx.fbcdn.net\/images\/emoji.php\/v9\/t15\/1\/16\/1f49b.png\" alt=\"\ud83d\udc9b\"><\/h2>\n\n\n\n<p><img loading=\"lazy\" decoding=\"async\" height=\"16\" width=\"16\" src=\"https:\/\/static.xx.fbcdn.net\/images\/emoji.php\/v9\/t15\/1\/16\/1f49b.png\" alt=\"\ud83d\udc9b\">&nbsp;Zr\u00f3b przestrze\u0144 na oddech, na cisz\u0119, na bycie blisko siebie&nbsp;<img loading=\"lazy\" decoding=\"async\" height=\"16\" width=\"16\" src=\"https:\/\/static.xx.fbcdn.net\/images\/emoji.php\/v9\/t15\/1\/16\/1f49b.png\" alt=\"\ud83d\udc9b\"><\/p>\n\n\n\n<p>Zapraszamy Ci\u0119 na wyj\u0105tkowy, g\u0142\u0119boko relaksuj\u0105cy koncert d\u017awi\u0119k\u00f3w, w kt\u00f3rym otulisz si\u0119 \u0142agodno\u015bci\u0105 wibracji i czu\u0142\u0105 obecno\u015bci\u0105.<\/p>\n\n\n\n<p>\u201eOtuleni czu\u0142o\u015bci\u0105\u201d to wiecz\u00f3r, w kt\u00f3rym d\u017awi\u0119k staje si\u0119 delikatnym przewodnikiem \u2013 prowadzi cia\u0142o ku rozlu\u017anieniu, a umys\u0142 ku wyciszeniu.<\/p>\n\n\n\n<figure class=\"wp-block-image\"><img decoding=\"async\" src=\"http:\/\/kamilovewibracje.pl\/wp-content\/uploads\/2026\/04\/Otuleni-Czuloscia-Mszana-koncert-724x1024.png\" alt=\"\" class=\"wp-image-115\"\/><\/figure>\n\n\n\n<p><strong>Podczas spotkania zanurzysz si\u0119 w koj\u0105cych brzmieniach:<\/strong><\/p>\n\n\n\n<p><img loading=\"lazy\" decoding=\"async\" height=\"16\" width=\"16\" alt=\"\ud83c\udf19\" src=\"https:\/\/static.xx.fbcdn.net\/images\/emoji.php\/v9\/t33\/1\/16\/1f319.png\">&nbsp;mis tybeta\u0144skich \u2013 ich subtelne, harmonijne wibracje pomagaj\u0105 rozlu\u017ani\u0107 napi\u0119cia w ciele, wyciszaj\u0105 uk\u0142ad nerwowy i wspieraj\u0105 stan g\u0142\u0119bokiego odpr\u0119\u017cenia<\/p>\n\n\n\n<p><img loading=\"lazy\" decoding=\"async\" height=\"16\" width=\"16\" src=\"https:\/\/static.xx.fbcdn.net\/images\/emoji.php\/v9\/t33\/1\/16\/1f319.png\" alt=\"\ud83c\udf19\">&nbsp;<strong>gong\u00f3w<\/strong>&nbsp;\u2013 pot\u0119\u017cne, a jednocze\u015bnie mi\u0119kko otulaj\u0105ce fale d\u017awi\u0119kowe wprowadzaj\u0105 w stan medytacyjny, pomagaj\u0105 uwolni\u0107 stres i przywr\u00f3ci\u0107 wewn\u0119trzn\u0105 r\u00f3wnowag\u0119<\/p>\n\n\n\n<p><strong>&nbsp;harfy solfe\u017cowe<\/strong>&nbsp;\u2013 jej delikatne, eteryczne tony otwieraj\u0105 przestrze\u0144 serca, przynosz\u0105c poczucie lekko\u015bci, spokoju i wewn\u0119trznej harmonii.<\/p>\n\n\n\n<p>Pojawi\u0105 si\u0119 te\u017c dzwonki Koshi i inne instrumenty.<\/p>\n\n\n\n<p><strong>To czas, w kt\u00f3rym nie musisz nic robi\u0107. Wystarczy, \u017ce b\u0119dziesz. D\u017awi\u0119k zajmie si\u0119 reszt\u0105.<\/strong><\/p>\n\n\n\n<p><img loading=\"lazy\" decoding=\"async\" height=\"16\" width=\"16\" src=\"https:\/\/static.xx.fbcdn.net\/images\/emoji.php\/v9\/tdc\/1\/16\/26a0.png\" alt=\"\u26a0\ufe0f\">&nbsp;<strong>Przeciwwskazania:<\/strong><\/p>\n\n\n\n<p>Udzia\u0142 w koncercie nie jest zalecany dla os\u00f3b:<\/p>\n\n\n\n<p>\u2013 w pierwszym trymestrze ci\u0105\u017cy<\/p>\n\n\n\n<p>\u2013 z rozrusznikiem serca<\/p>\n\n\n\n<p>\u2013 z aktywn\u0105 epilepsj\u0105<\/p>\n\n\n\n<p>\u2013 w trakcie ostrych stan\u00f3w psychicznych lub silnych zaburze\u0144 l\u0119kowych<\/p>\n\n\n\n<p>\u2013 bezpo\u015brednio po powa\u017cnych operacjach<\/p>\n\n\n\n<p>Je\u015bli masz w\u0105tpliwo\u015bci \u2013 skonsultuj sw\u00f3j udzia\u0142 z lekarzem lub prowadz\u0105cym.<\/p>\n\n\n\n<p>Pozw\u00f3l sobie na czu\u0142o\u015b\u0107.<\/p>\n\n\n\n<p>Na mi\u0119kko\u015b\u0107.<\/p>\n\n\n\n<p>Na bycie zaopiekowanym przez d\u017awi\u0119k.<\/p>\n\n\n\n<p>Czekamy na Ciebie&nbsp;<img loading=\"lazy\" decoding=\"async\" height=\"16\" width=\"16\" alt=\"\ud83d\udcab\" src=\"https:\/\/static.xx.fbcdn.net\/images\/emoji.php\/v9\/ted\/1\/16\/1f4ab.png\"><\/p>\n\n\n\n<p>Koncert mis i gong\u00f3w<\/p>\n\n\n\n<p><img loading=\"lazy\" decoding=\"async\" height=\"16\" width=\"16\" alt=\"\ud83d\udcc5\" src=\"https:\/\/static.xx.fbcdn.net\/images\/emoji.php\/v9\/t7e\/1\/16\/1f4c5.png\">&nbsp;12.04 |&nbsp;<img loading=\"lazy\" decoding=\"async\" height=\"16\" width=\"16\" alt=\"\ud83d\udd55\" src=\"https:\/\/static.xx.fbcdn.net\/images\/emoji.php\/v9\/t2d\/1\/16\/1f555.png\">&nbsp;godz. 19:30<\/p>\n\n\n\n<p>Czas trwania: 60 min<\/p>\n\n\n\n<p>Cena: 70 z\u0142<\/p>\n\n\n\n<p><img loading=\"lazy\" decoding=\"async\" height=\"16\" width=\"16\" alt=\"\u2728\" src=\"https:\/\/static.xx.fbcdn.net\/images\/emoji.php\/v9\/tf4\/1\/16\/2728.png\">&nbsp;Prosimy o przybycie 10\u201315 minut wcze\u015bniej<\/p>\n\n\n\n<p><img loading=\"lazy\" decoding=\"async\" height=\"16\" width=\"16\" alt=\"\ud83d\udccd\" src=\"https:\/\/static.xx.fbcdn.net\/images\/emoji.php\/v9\/t2d\/1\/16\/1f4cd.png\">Mszana Dolna, ul. Krakowska 44<\/p>\n\n\n\n<p>Zapisy w wiadomo\u015bci prywatnej&nbsp;<img loading=\"lazy\" decoding=\"async\" height=\"16\" width=\"16\" src=\"https:\/\/static.xx.fbcdn.net\/images\/emoji.php\/v9\/t6d\/1\/16\/2600.png\" alt=\"\u2600\ufe0f\"><\/p>\n\n\n\n<p><img loading=\"lazy\" decoding=\"async\" height=\"16\" width=\"16\" src=\"https:\/\/static.xx.fbcdn.net\/images\/emoji.php\/v9\/t15\/1\/16\/1f49b.png\" alt=\"\ud83d\udc9b\">&nbsp;<strong>Przygotowanie:<\/strong><\/p>\n\n\n\n<p>Zadbaj o sw\u00f3j komfort \u2013 zabierz ze sob\u0105 karimat\u0119, kocyk i wod\u0119. Je\u015bli nie masz swojej maty i koca, nic nie szkodzi, mo\u017cesz skorzysta\u0107 z tych dost\u0119pnych w studio.<\/p>\n\n\n\n<p>Ubierz si\u0119 wygodnie i ciep\u0142o, tak by m\u00f3c w pe\u0142ni si\u0119 rozlu\u017ani\u0107.<\/p>\n\n\n\n<p><\/p>\n","protected":false},"excerpt":{"rendered":"<p>Najbli\u017csze koncerty: Wydarzenia 11.04. g. 18:00 Krzyszkowice Warsztat sk\u0142ada si\u0119 z dw\u00f3ch cz\u0119\u015bci. Pierwsz\u0105 poprowadzi Ewa Kapera, kt\u00f3ra wprowadzi Ci\u0119 w stan relaksu i wyciszenia. Nauczy Ci\u0119, jak w prosty spos\u00f3b wyciszy\u0107 uk\u0142ad nerwowy za pomoc\u0105 technik oddechowych i wyciszania nerwu b\u0142\u0119dnego, kt\u00f3ry jest mi\u0119dzy innymi odpowiedzialny za stan spokoju, prawid\u0142owego trawienia, oddychania i funkcjonowania [&hellip;]<\/p>\n","protected":false},"author":1,"featured_media":0,"parent":0,"menu_order":0,"comment_status":"closed","ping_status":"closed","template":"","meta":{"footnotes":""},"class_list":["post-94","page","type-page","status-publish","hentry"],"_links":{"self":[{"href":"http:\/\/metaforyszczescia.pl\/index.php\/wp-json\/wp\/v2\/pages\/94","targetHints":{"allow":["GET"]}}],"collection":[{"href":"http:\/\/metaforyszczescia.pl\/index.php\/wp-json\/wp\/v2\/pages"}],"about":[{"href":"http:\/\/metaforyszczescia.pl\/index.php\/wp-json\/wp\/v2\/types\/page"}],"author":[{"embeddable":true,"href":"http:\/\/metaforyszczescia.pl\/index.php\/wp-json\/wp\/v2\/users\/1"}],"replies":[{"embeddable":true,"href":"http:\/\/metaforyszczescia.pl\/index.php\/wp-json\/wp\/v2\/comments?post=94"}],"version-history":[{"count":1,"href":"http:\/\/metaforyszczescia.pl\/index.php\/wp-json\/wp\/v2\/pages\/94\/revisions"}],"predecessor-version":[{"id":95,"href":"http:\/\/metaforyszczescia.pl\/index.php\/wp-json\/wp\/v2\/pages\/94\/revisions\/95"}],"wp:attachment":[{"href":"http:\/\/metaforyszczescia.pl\/index.php\/wp-json\/wp\/v2\/media?parent=94"}],"curies":[{"name":"wp","href":"https:\/\/api.w.org\/{rel}","templated":true}]}}